{"id":875,"date":"2024-12-19T11:56:52","date_gmt":"2024-12-19T14:56:52","guid":{"rendered":"https:\/\/dahrconstrucciones.com.ar\/?page_id=875"},"modified":"2024-12-19T11:56:53","modified_gmt":"2024-12-19T14:56:53","slug":"fisherton-view-2","status":"publish","type":"page","link":"https:\/\/dahrconstrucciones.com.ar\/?page_id=875","title":{"rendered":"Fisherton View 2"},"content":{"rendered":"\n[et_pb_section fb_built=&#8221;1&#8243; admin_label=&#8221;FishertonView1-cabecera&#8221; _builder_version=&#8221;4.7.7&#8243; custom_padding=&#8221;0|0px|0px|0px&#8221; bottom_divider_flip=&#8221;horizontal&#8221; bottom_divider_arrangement=&#8221;above_content&#8221;][et_pb_row column_structure=&#8221;1_2,1_2&#8243; use_custom_gutter=&#8221;on&#8221; gutter_width=&#8221;1&#8243; make_equal=&#8221;on&#8221; _builder_version=&#8221;4.7.7&#8243; width=&#8221;100%&#8221; max_width=&#8221;100%&#8221; custom_padding=&#8221;0px|0|0px|||&#8221; use_custom_width=&#8221;on&#8221; width_unit=&#8221;off&#8221; custom_width_percent=&#8221;100%&#8221;][et_pb_column type=&#8221;1_2&#8243; _builder_version=&#8221;3.25&#8243; custom_padding=&#8221;200px|8%|260px|8%&#8221; custom_padding_tablet=&#8221;80px|10%|80px|10%&#8221; custom_padding_phone=&#8221;&#8221; custom_padding_last_edited=&#8221;on|tablet&#8221; padding_tablet=&#8221;80px|10%|80px|10%&#8221; padding_last_edited=&#8221;on|tablet&#8221; custom_padding__hover=&#8221;|||&#8221;][et_pb_text _builder_version=&#8221;3.27.4&#8243; text_font=&#8221;Karla||||||||&#8221; text_font_size=&#8221;18px&#8221; text_line_height=&#8221;1.8em&#8221; header_font=&#8221;Cormorant Garamond||||||||&#8221; header_font_size=&#8221;56px&#8221; header_line_height=&#8221;1.4em&#8221; header_2_font=&#8221;||||||||&#8221; header_3_font=&#8221;||||||||&#8221; max_width=&#8221;600px&#8221; header_font_size_tablet=&#8221;40px&#8221; header_font_size_phone=&#8221;&#8221; header_font_size_last_edited=&#8221;on|tablet&#8221; locked=&#8221;off&#8221; inline_fonts=&#8221;Roboto&#8221;]<h1><span style=\"font-family: Roboto;\">Fisherton View 2.<\/span><\/h1>\n<h1><span>Schweitzer 8731<\/span><\/h1>\n<h1><span style=\"font-size: x-large;\"><strong>Amplitud +\u00a0Comodidad + Confort\u00a0+\u00a0Luminosidad<\/strong><\/span><\/h1>\n<p><span><\/span><\/p>\n<p><span><\/span><\/p>\n<div class=\"page\" title=\"Page 2\">\n<div class=\"layoutArea\">\n<div class=\"column\">\n<p>Es un proyecto inmobiliario que se inspira en el entorno que lo rodea y se<br \/>adapta a las caracter\u00edsticas de uno de los barrios residenciales m\u00e1s tradicionales de Rosario.<br \/>Amplitud, comodidad, confort, luminosidad, y generosos espacios son los atributos que definen el dise\u00f1o de cada una de las unidades que forman parte de Fisherton View 2. Cada metro cuadrado se vive y se disfruta.<br \/>Ubicado sobre la Avenida Schweitzer 8731, el dise\u00f1o del emprendimiento fue pensado para integrar las vistas panor\u00e1micas que el \u00e1rea propone.<br \/>El concepto principal del proyecto es su relaci\u00f3n con el paisaje y con las visuales.<br \/>El edificio se funde con el entorno a trav\u00e9s de sus fachadas acristaladas, que tienen como objetivo principal reflejar el verde en el cual la obra se inserta.<br \/>Las transparencias permiten adem\u00e1s una permeabilidad interior-exterior que, no solo le otorga a cada unidad gran luminosidad, sino tambi\u00e9n excelentes vistas.<br \/>Fisherton View 2 es la suma de dise\u00f1o, calidad y tecnolog\u00eda de \u00faltima generaci\u00f3n para preservar el medio ambiente.<br \/>Un proyecto \u00fanico, moderno y funcional que brinda una opci\u00f3n distinta para vivir y disfrutar la calidad de vida que ofrece la zona.<\/p>\n<p><span style=\"font-family: Roboto;\"> <\/span><\/p>\n<p><span style=\"font-family: Roboto;\"> <\/span><\/p>\n<p>&nbsp;<\/p>\n<\/div>\n<\/div>\n<\/div>[\/et_pb_text][\/et_pb_column][et_pb_column type=&#8221;1_2&#8243; _builder_version=&#8221;4.7.7&#8243; background_enable_color=&#8221;off&#8221; background_image=&#8221;https:\/\/dahrconstrucciones.com.ar\/mbc\/wp-content\/uploads\/2024\/12\/f2-1-1.png&#8221; custom_padding=&#8221;200px||260px|8%&#8221; custom_padding_tablet=&#8221;80px|10%|80px|10%&#8221; custom_padding_phone=&#8221;&#8221; custom_padding_last_edited=&#8221;on|desktop&#8221; animation_style=&#8221;slide&#8221; animation_direction=&#8221;right&#8221; padding_tablet=&#8221;80px|10%|80px|10%&#8221; padding_last_edited=&#8221;on|desktop&#8221; custom_padding__hover=&#8221;|||&#8221;][et_pb_text _builder_version=&#8221;4.7.7&#8243; text_font=&#8221;Roboto||||||||&#8221; text_text_color=&#8221;#ffffff&#8221; text_font_size=&#8221;31px&#8221; text_line_height=&#8221;1.8em&#8221; header_font=&#8221;||||||||&#8221; header_2_font=&#8221;||||||||&#8221; header_2_font_size=&#8221;40px&#8221; header_2_line_height=&#8221;1.4em&#8221; header_3_font=&#8221;Cormorant Garamond|600|||||||&#8221; header_3_line_height=&#8221;1.4em&#8221; background_color=&#8221;rgba(0,0,0,0)&#8221; background_layout=&#8221;dark&#8221; max_width=&#8221;600px&#8221; custom_padding=&#8221;3px|||||&#8221; text_font_size_tablet=&#8221;&#8221; text_font_size_phone=&#8221;14px&#8221; text_font_size_last_edited=&#8221;on|desktop&#8221; text_text_shadow_style=&#8221;preset5&#8243; text_text_shadow_horizontal_length=&#8221;0.16em&#8221; locked=&#8221;off&#8221;]<h3><\/h3>\n<p><strong>Casas en altura<\/strong><\/p>\n<p><strong>Av. Schweitzer 8731<\/strong><\/p>\n<p><strong>S2000 &#8211; Rosario &#8211; Santa Fe &#8211; Argentina.<\/strong><\/p>\n<p>&nbsp;<\/p>[\/et_pb_text][\/et_pb_column][\/et_pb_row][et_pb_row column_structure=&#8221;1_2,1_2&#8243; use_custom_gutter=&#8221;on&#8221; gutter_width=&#8221;1&#8243; make_equal=&#8221;on&#8221; _builder_version=&#8221;4.7.7&#8243; width=&#8221;100%&#8221; max_width=&#8221;100%&#8221; custom_padding=&#8221;0px|0|0px|||&#8221; use_custom_width=&#8221;on&#8221; width_unit=&#8221;off&#8221; custom_width_percent=&#8221;100%&#8221;][et_pb_column type=&#8221;1_2&#8243; _builder_version=&#8221;3.25&#8243; custom_padding=&#8221;200px|8%|260px|8%&#8221; custom_padding_tablet=&#8221;80px|10%|80px|10%&#8221; custom_padding_phone=&#8221;&#8221; custom_padding_last_edited=&#8221;on|tablet&#8221; padding_tablet=&#8221;80px|10%|80px|10%&#8221; padding_last_edited=&#8221;on|tablet&#8221; custom_padding__hover=&#8221;|||&#8221;][et_pb_text _builder_version=&#8221;4.7.7&#8243; text_font=&#8221;Karla||||||||&#8221; text_font_size=&#8221;18px&#8221; text_line_height=&#8221;1.8em&#8221; header_font=&#8221;Cormorant Garamond||||||||&#8221; header_font_size=&#8221;56px&#8221; header_line_height=&#8221;1.4em&#8221; header_2_font=&#8221;||||||||&#8221; header_3_font=&#8221;||||||||&#8221; max_width=&#8221;600px&#8221; header_font_size_tablet=&#8221;40px&#8221; header_font_size_phone=&#8221;&#8221; header_font_size_last_edited=&#8221;on|tablet&#8221; locked=&#8221;off&#8221; inline_fonts=&#8221;Roboto&#8221;]<h1><span style=\"font-family: Roboto;\">Fisherton View 2.\u00a0<\/span><\/h1>\n<div class=\"page\" title=\"Page 2\">\n<div class=\"layoutArea\">\n<div class=\"column\">\n<p><span style=\"font-family: Roboto;\"> Se extiende sobre un terreno de 1960 metros cuadrados limitando en su fachada con el bario cerrado Aldea Lago. Su f\u00e1cil accesibilidad lo conecta r\u00e1pidamente con el \u00e1rea de servicios de Fisherton, el aeropuerto y con el centro de la ciudad.<\/span><\/p>\n<p><br \/><span style=\"font-family: Roboto;\"><\/span><\/p>\n<p><span style=\"font-family: Roboto;\"><\/span><\/p>\n<p><span style=\"font-family: Roboto;\"> <\/span><\/p>\n<p>&nbsp;<\/p>\n<\/div>\n<\/div>\n<\/div>[\/et_pb_text][\/et_pb_column][et_pb_column type=&#8221;1_2&#8243; _builder_version=&#8221;4.7.7&#8243; background_enable_color=&#8221;off&#8221; background_enable_image=&#8221;off&#8221; custom_padding=&#8221;200px||260px|8%&#8221; custom_padding_tablet=&#8221;80px|10%|80px|10%&#8221; custom_padding_phone=&#8221;&#8221; custom_padding_last_edited=&#8221;on|desktop&#8221; animation_style=&#8221;slide&#8221; animation_direction=&#8221;right&#8221; padding_tablet=&#8221;80px|10%|80px|10%&#8221; padding_last_edited=&#8221;on|desktop&#8221; custom_padding__hover=&#8221;|||&#8221;][et_pb_slider _builder_version=&#8221;4.7.7&#8243; _module_preset=&#8221;default&#8221; min_height=&#8221;488px&#8221; auto=&#8221;on&#8221;][et_pb_slide admin_title=&#8221;04&#8243; _builder_version=&#8221;4.7.7&#8243; _module_preset=&#8221;default&#8221; background_enable_color=&#8221;off&#8221; background_image=&#8221;https:\/\/dahrconstrucciones.com.ar\/mbc\/wp-content\/uploads\/2021\/01\/fisherton-view-104-1024&#215;575.jpg&#8221; background_enable_image=&#8221;on&#8221; sticky_transition=&#8221;on&#8221;][\/et_pb_slide][et_pb_slide admin_title=&#8221;05&#8243; _builder_version=&#8221;4.7.7&#8243; _module_preset=&#8221;default&#8221; background_enable_color=&#8221;off&#8221; background_image=&#8221;https:\/\/dahrconstrucciones.com.ar\/mbc\/wp-content\/uploads\/2021\/01\/fisherton-view-105-1024&#215;575.jpg&#8221; background_enable_image=&#8221;on&#8221; sticky_transition=&#8221;on&#8221;][\/et_pb_slide][et_pb_slide admin_title=&#8221;03&#8243; _builder_version=&#8221;4.7.7&#8243; _module_preset=&#8221;default&#8221; background_enable_color=&#8221;off&#8221; background_image=&#8221;https:\/\/dahrconstrucciones.com.ar\/mbc\/wp-content\/uploads\/2021\/01\/fisherton-view-103-1024&#215;576.jpg&#8221; background_enable_image=&#8221;on&#8221; sticky_transition=&#8221;on&#8221;][\/et_pb_slide][\/et_pb_slider][\/et_pb_column][\/et_pb_row][\/et_pb_section][et_pb_section fb_built=&#8221;1&#8243; next_background_color=&#8221;#ffffff&#8221; admin_label=&#8221;FishertonView1-Seccion&#8221; _builder_version=&#8221;4.7.7&#8243; background_color=&#8221;#121212&#8243; custom_padding=&#8221;0|0px|100px|0px&#8221; top_divider_color=&#8221;#000000&#8243; top_divider_flip=&#8221;horizontal&#8221; top_divider_arrangement=&#8221;above_content&#8221; bottom_divider_style=&#8221;ramp&#8221; bottom_divider_arrangement=&#8221;above_content&#8221;][et_pb_row _builder_version=&#8221;4.7.7&#8243; _module_preset=&#8221;default&#8221;][et_pb_column type=&#8221;4_4&#8243; _builder_version=&#8221;4.7.7&#8243; _module_preset=&#8221;default&#8221;][et_pb_slider _builder_version=&#8221;4.7.7&#8243; _module_preset=&#8221;default&#8221; min_height=&#8221;488px&#8221; auto=&#8221;on&#8221;][et_pb_slide admin_title=&#8221;01&#8243; _builder_version=&#8221;4.7.7&#8243; _module_preset=&#8221;default&#8221; background_enable_color=&#8221;off&#8221; background_image=&#8221;https:\/\/dahrconstrucciones.com.ar\/mbc\/wp-content\/uploads\/2024\/12\/f2-1-1.png&#8221; background_enable_image=&#8221;on&#8221; sticky_transition=&#8221;on&#8221;][\/et_pb_slide][et_pb_slide admin_title=&#8221;01&#8243; _builder_version=&#8221;4.7.7&#8243; _module_preset=&#8221;default&#8221; background_enable_color=&#8221;off&#8221; background_image=&#8221;https:\/\/dahrconstrucciones.com.ar\/mbc\/wp-content\/uploads\/2024\/12\/f2-3.png&#8221; background_enable_image=&#8221;on&#8221; sticky_transition=&#8221;on&#8221;][\/et_pb_slide][et_pb_slide admin_title=&#8221;02&#8243; _builder_version=&#8221;4.7.7&#8243; _module_preset=&#8221;default&#8221; background_enable_color=&#8221;off&#8221; background_image=&#8221;https:\/\/dahrconstrucciones.com.ar\/mbc\/wp-content\/uploads\/2024\/12\/f2-4.png&#8221; background_enable_image=&#8221;on&#8221; sticky_transition=&#8221;on&#8221;][\/et_pb_slide][\/et_pb_slider][et_pb_slider _builder_version=&#8221;4.7.7&#8243; _module_preset=&#8221;default&#8221; min_height=&#8221;488px&#8221; auto=&#8221;on&#8221;][et_pb_slide admin_title=&#8221;02&#8243; _builder_version=&#8221;4.7.7&#8243; _module_preset=&#8221;default&#8221; background_enable_color=&#8221;off&#8221; background_image=&#8221;https:\/\/dahrconstrucciones.com.ar\/mbc\/wp-content\/uploads\/2024\/12\/f2-6.png&#8221; background_enable_image=&#8221;on&#8221; sticky_transition=&#8221;on&#8221;][\/et_pb_slide][et_pb_slide admin_title=&#8221;01&#8243; _builder_version=&#8221;4.7.7&#8243; _module_preset=&#8221;default&#8221; background_enable_color=&#8221;off&#8221; background_image=&#8221;https:\/\/dahrconstrucciones.com.ar\/mbc\/wp-content\/uploads\/2024\/12\/f2-5.png&#8221; background_enable_image=&#8221;on&#8221; sticky_transition=&#8221;on&#8221;][\/et_pb_slide][\/et_pb_slider][et_pb_text _builder_version=&#8221;4.7.7&#8243; _module_preset=&#8221;default&#8221; text_text_color=&#8221;#ffffff&#8221; text_font_size=&#8221;20px&#8221; text_text_shadow_style=&#8221;preset2&#8243;]<p>Fisherton View 2 acompa\u00f1a el confort de sus unidades con un \u00e1rea de servicios que permite a sus propietarios sentir la comodidad de vivir en armon\u00eda con el entorno.<br \/> <strong>Piscina para ni\u00f1os y adultos + Solarium + Vestuarios hombres y mujeres con ducha, vestidor y ba\u00f1os + Parrilleros + Sal\u00f3n de usos m\u00faltiples + Amplia \u00e1rea parquizada<\/strong><\/p>[\/et_pb_text][et_pb_slider _builder_version=&#8221;4.7.7&#8243; _module_preset=&#8221;default&#8221; min_height=&#8221;488px&#8221; auto=&#8221;on&#8221;][et_pb_slide admin_title=&#8221;01&#8243; _builder_version=&#8221;4.7.7&#8243; _module_preset=&#8221;default&#8221; background_enable_color=&#8221;off&#8221; background_image=&#8221;https:\/\/dahrconstrucciones.com.ar\/mbc\/wp-content\/uploads\/2024\/12\/f2-2.png&#8221; background_enable_image=&#8221;on&#8221; background_size=&#8221;initial&#8221; sticky_transition=&#8221;on&#8221;][\/et_pb_slide][et_pb_slide admin_title=&#8221;01&#8243; _builder_version=&#8221;4.7.7&#8243; _module_preset=&#8221;default&#8221; background_enable_color=&#8221;off&#8221; background_image=&#8221;https:\/\/dahrconstrucciones.com.ar\/mbc\/wp-content\/uploads\/2024\/12\/f2-7.png&#8221; background_enable_image=&#8221;on&#8221; background_size=&#8221;contain&#8221; sticky_transition=&#8221;on&#8221;][\/et_pb_slide][et_pb_slide admin_title=&#8221;01&#8243; _builder_version=&#8221;4.7.7&#8243; _module_preset=&#8221;default&#8221; background_enable_color=&#8221;off&#8221; background_image=&#8221;https:\/\/dahrconstrucciones.com.ar\/mbc\/wp-content\/uploads\/2024\/12\/f2-7.png&#8221; background_enable_image=&#8221;on&#8221; background_size=&#8221;contain&#8221; sticky_transition=&#8221;on&#8221;][\/et_pb_slide][et_pb_slide admin_title=&#8221;02&#8243; _builder_version=&#8221;4.7.7&#8243; _module_preset=&#8221;default&#8221; background_enable_color=&#8221;off&#8221; background_image=&#8221;https:\/\/dahrconstrucciones.com.ar\/mbc\/wp-content\/uploads\/2024\/12\/f2-8.png&#8221; background_enable_image=&#8221;on&#8221; background_size=&#8221;contain&#8221; sticky_transition=&#8221;on&#8221;][\/et_pb_slide][et_pb_slide admin_title=&#8221;03&#8243; _builder_version=&#8221;4.7.7&#8243; _module_preset=&#8221;default&#8221; background_enable_color=&#8221;off&#8221; background_image=&#8221;https:\/\/dahrconstrucciones.com.ar\/mbc\/wp-content\/uploads\/2024\/12\/f2-9.png&#8221; background_enable_image=&#8221;on&#8221; background_size=&#8221;contain&#8221; background_position=&#8221;bottom_center&#8221; sticky_transition=&#8221;on&#8221;][\/et_pb_slide][et_pb_slide admin_title=&#8221;01&#8243; _builder_version=&#8221;4.7.7&#8243; _module_preset=&#8221;default&#8221; background_enable_color=&#8221;off&#8221; background_image=&#8221;https:\/\/dahrconstrucciones.com.ar\/mbc\/wp-content\/uploads\/2024\/12\/f2-11.png&#8221; background_enable_image=&#8221;on&#8221; background_size=&#8221;contain&#8221; sticky_transition=&#8221;on&#8221;][\/et_pb_slide][\/et_pb_slider][\/et_pb_column][\/et_pb_row][\/et_pb_section]\n","protected":false},"excerpt":{"rendered":"","protected":false},"author":1,"featured_media":0,"parent":0,"menu_order":0,"comment_status":"closed","ping_status":"closed","template":"page-template-blank.php","meta":{"_et_pb_use_builder":"on","_et_pb_old_content":"","_et_gb_content_width":""},"_links":{"self":[{"href":"https:\/\/dahrconstrucciones.com.ar\/index.php?rest_route=\/wp\/v2\/pages\/875"}],"collection":[{"href":"https:\/\/dahrconstrucciones.com.ar\/index.php?rest_route=\/wp\/v2\/pages"}],"about":[{"href":"https:\/\/dahrconstrucciones.com.ar\/index.php?rest_route=\/wp\/v2\/types\/page"}],"author":[{"embeddable":true,"href":"https:\/\/dahrconstrucciones.com.ar\/index.php?rest_route=\/wp\/v2\/users\/1"}],"replies":[{"embeddable":true,"href":"https:\/\/dahrconstrucciones.com.ar\/index.php?rest_route=%2Fwp%2Fv2%2Fcomments&post=875"}],"version-history":[{"count":9,"href":"https:\/\/dahrconstrucciones.com.ar\/index.php?rest_route=\/wp\/v2\/pages\/875\/revisions"}],"predecessor-version":[{"id":925,"href":"https:\/\/dahrconstrucciones.com.ar\/index.php?rest_route=\/wp\/v2\/pages\/875\/revisions\/925"}],"wp:attachment":[{"href":"https:\/\/dahrconstrucciones.com.ar\/index.php?rest_route=%2Fwp%2Fv2%2Fmedia&parent=875"}],"curies":[{"name":"wp","href":"https:\/\/api.w.org\/{rel}","templated":true}]}}